{"id":322,"date":"2024-11-06T14:46:53","date_gmt":"2024-11-06T14:46:53","guid":{"rendered":"https:\/\/www.vsak.se\/?page_id=322"},"modified":"2024-11-06T14:46:54","modified_gmt":"2024-11-06T14:46:54","slug":"karriar","status":"publish","type":"page","link":"https:\/\/www.vsak.se\/index.php\/karriar\/","title":{"rendered":"Karri\u00e4r"},"content":{"rendered":"<p>[et_pb_section fb_built=&#8221;1&#8243; admin_label=&#8221;Header&#8221; _builder_version=&#8221;4.20.2&#8243; _module_preset=&#8221;default&#8221; background_color=&#8221;#171717&#8243; collapsed=&#8221;on&#8221; global_colors_info=&#8221;{}&#8221; theme_builder_area=&#8221;post_content&#8221;][et_pb_row _builder_version=&#8221;4.19.0&#8243; _module_preset=&#8221;default&#8221; global_colors_info=&#8221;{}&#8221; theme_builder_area=&#8221;post_content&#8221;][et_pb_column type=&#8221;4_4&#8243; _builder_version=&#8221;4.19.0&#8243; _module_preset=&#8221;default&#8221; global_colors_info=&#8221;{}&#8221; theme_builder_area=&#8221;post_content&#8221;][et_pb_text _builder_version=&#8221;4.24.3&#8243; _module_preset=&#8221;b3ce69f5-0e23-4f74-8ba9-46b0619dcc9a&#8221; header_font_size=&#8221;55px&#8221; hover_enabled=&#8221;0&#8243; global_colors_info=&#8221;{}&#8221; theme_builder_area=&#8221;post_content&#8221; sticky_enabled=&#8221;0&#8243;]<\/p>\n<h1>Karri\u00e4r<\/h1>\n<p>[\/et_pb_text][\/et_pb_column][\/et_pb_row][et_pb_row _builder_version=&#8221;4.24.3&#8243; _module_preset=&#8221;default&#8221; hover_enabled=&#8221;0&#8243; global_colors_info=&#8221;{}&#8221; theme_builder_area=&#8221;post_content&#8221; sticky_enabled=&#8221;0&#8243;][et_pb_column type=&#8221;4_4&#8243; _builder_version=&#8221;4.19.0&#8243; _module_preset=&#8221;default&#8221; global_colors_info=&#8221;{}&#8221; theme_builder_area=&#8221;post_content&#8221;][et_pb_text _builder_version=&#8221;4.24.3&#8243; _module_preset=&#8221;2afcae1a-5364-428d-854c-876376fad519&#8243; text_text_color=&#8221;RGBA(255,255,255,0.72)&#8221; custom_margin_tablet=&#8221;||30px||false|false&#8221; custom_margin_last_edited=&#8221;off|desktop&#8221; hover_enabled=&#8221;0&#8243; global_colors_info=&#8221;{}&#8221; theme_builder_area=&#8221;post_content&#8221; link_text_color=&#8221;#E02B20&#8243; sticky_enabled=&#8221;0&#8243;]<\/p>\n<p><span>Vill du skicka en spontanans\u00f6kan f\u00f6r att ha m\u00f6jlighet att bli en del i v\u00e5rt h\u00e4rliga g\u00e4ng?<\/p>\n<p>Kontakta\u00a0<a href=\"mailto:sophia@vsak.se\" target=\"_blank\" rel=\"noopener\"><span class=\"il\">sophia<\/span>@vsak.se<\/a><\/p>\n<p><\/span><\/p>\n<p>[\/et_pb_text][\/et_pb_column][\/et_pb_row][\/et_pb_section][et_pb_section fb_built=&#8221;1&#8243; admin_label=&#8221;Video &#038; Stats&#8221; _builder_version=&#8221;4.20.2&#8243; _module_preset=&#8221;default&#8221; background_color=&#8221;#171717&#8243; collapsed=&#8221;on&#8221; global_colors_info=&#8221;{}&#8221; theme_builder_area=&#8221;post_content&#8221;][et_pb_row column_structure=&#8221;1_4,1_4,1_4,1_4&#8243; custom_padding_last_edited=&#8221;on|desktop&#8221; _builder_version=&#8221;4.19.1&#8243; _module_preset=&#8221;default&#8221; background_color=&#8221;gcid-233cd77b-4711-403e-b130-11d9e5b5d115&#8243; custom_padding=&#8221;30px|30px|30px|30px|true|true&#8221; custom_padding_tablet=&#8221;|30px||30px|true|true&#8221; custom_padding_phone=&#8221;|20px||20px|false|true&#8221; global_colors_info=&#8221;{%22gcid-233cd77b-4711-403e-b130-11d9e5b5d115%22:%91%22background_color%22%93}&#8221; theme_builder_area=&#8221;post_content&#8221;][et_pb_column type=&#8221;1_4&#8243; _builder_version=&#8221;4.19.0&#8243; _module_preset=&#8221;default&#8221; global_colors_info=&#8221;{}&#8221; theme_builder_area=&#8221;post_content&#8221;][et_pb_number_counter title=&#8221;\u00e5r etablerade&#8221; number=&#8221;13&#8243; _builder_version=&#8221;4.24.3&#8243; _module_preset=&#8221;2b61a32f-c68b-4f50-83bb-9ea957bcfb71&#8243; title_level=&#8221;h2&#8243; title_text_color=&#8221;#FFFFFF&#8221; number_text_color=&#8221;#FFFFFF&#8221; background_layout=&#8221;dark&#8221; locked=&#8221;off&#8221; global_colors_info=&#8221;{}&#8221; theme_builder_area=&#8221;post_content&#8221;][\/et_pb_number_counter][\/et_pb_column][et_pb_column type=&#8221;1_4&#8243; _builder_version=&#8221;4.19.0&#8243; _module_preset=&#8221;default&#8221; global_colors_info=&#8221;{}&#8221; theme_builder_area=&#8221;post_content&#8221;][et_pb_number_counter title=&#8221;Avslutade projekt&#8221; number=&#8221;598&#8243; _builder_version=&#8221;4.24.3&#8243; _module_preset=&#8221;2b61a32f-c68b-4f50-83bb-9ea957bcfb71&#8243; title_level=&#8221;h2&#8243; title_text_color=&#8221;#FFFFFF&#8221; number_text_color=&#8221;#FFFFFF&#8221; background_layout=&#8221;dark&#8221; locked=&#8221;off&#8221; global_colors_info=&#8221;{}&#8221; theme_builder_area=&#8221;post_content&#8221;][\/et_pb_number_counter][\/et_pb_column][et_pb_column type=&#8221;1_4&#8243; _builder_version=&#8221;4.19.0&#8243; _module_preset=&#8221;default&#8221; global_colors_info=&#8221;{}&#8221; theme_builder_area=&#8221;post_content&#8221;][et_pb_number_counter title=&#8221;N\u00f6jda kunder&#8221; number=&#8221;129+&#8221; _builder_version=&#8221;4.24.3&#8243; _module_preset=&#8221;2b61a32f-c68b-4f50-83bb-9ea957bcfb71&#8243; title_level=&#8221;h2&#8243; title_text_color=&#8221;#FFFFFF&#8221; number_text_color=&#8221;#FFFFFF&#8221; background_layout=&#8221;dark&#8221; locked=&#8221;off&#8221; global_colors_info=&#8221;{}&#8221; theme_builder_area=&#8221;post_content&#8221;][\/et_pb_number_counter][\/et_pb_column][et_pb_column type=&#8221;1_4&#8243; _builder_version=&#8221;4.19.0&#8243; _module_preset=&#8221;default&#8221; global_colors_info=&#8221;{}&#8221; theme_builder_area=&#8221;post_content&#8221;][et_pb_number_counter title=&#8221;Anst\u00e4llda&#8221; number=&#8221;22&#8243; _builder_version=&#8221;4.24.3&#8243; _module_preset=&#8221;2b61a32f-c68b-4f50-83bb-9ea957bcfb71&#8243; title_level=&#8221;h2&#8243; title_text_color=&#8221;#FFFFFF&#8221; number_text_color=&#8221;#FFFFFF&#8221; background_layout=&#8221;dark&#8221; locked=&#8221;off&#8221; global_colors_info=&#8221;{}&#8221; theme_builder_area=&#8221;post_content&#8221;][\/et_pb_number_counter][\/et_pb_column][\/et_pb_row][\/et_pb_section]<\/p>\n","protected":false},"excerpt":{"rendered":"<p>Karri\u00e4rVill du skicka en spontanans\u00f6kan f\u00f6r att ha m\u00f6jlighet att bli en del i v\u00e5rt h\u00e4rliga g\u00e4ng? Kontakta\u00a0sophia@vsak.se<\/p>\n","protected":false},"author":2,"featured_media":0,"parent":0,"menu_order":0,"comment_status":"closed","ping_status":"closed","template":"","meta":{"_et_pb_use_builder":"on","_et_pb_old_content":"","_et_gb_content_width":"","footnotes":""},"dipi_cpt_category":[],"class_list":["post-322","page","type-page","status-publish","hentry"],"_links":{"self":[{"href":"https:\/\/www.vsak.se\/index.php\/wp-json\/wp\/v2\/pages\/322","targetHints":{"allow":["GET"]}}],"collection":[{"href":"https:\/\/www.vsak.se\/index.php\/wp-json\/wp\/v2\/pages"}],"about":[{"href":"https:\/\/www.vsak.se\/index.php\/wp-json\/wp\/v2\/types\/page"}],"author":[{"embeddable":true,"href":"https:\/\/www.vsak.se\/index.php\/wp-json\/wp\/v2\/users\/2"}],"replies":[{"embeddable":true,"href":"https:\/\/www.vsak.se\/index.php\/wp-json\/wp\/v2\/comments?post=322"}],"version-history":[{"count":0,"href":"https:\/\/www.vsak.se\/index.php\/wp-json\/wp\/v2\/pages\/322\/revisions"}],"wp:attachment":[{"href":"https:\/\/www.vsak.se\/index.php\/wp-json\/wp\/v2\/media?parent=322"}],"wp:term":[{"taxonomy":"dipi_cpt_category","embeddable":true,"href":"https:\/\/www.vsak.se\/index.php\/wp-json\/wp\/v2\/dipi_cpt_category?post=322"}],"curies":[{"name":"wp","href":"https:\/\/api.w.org\/{rel}","templated":true}]}}